{"id":27,"date":"2025-12-28T19:48:54","date_gmt":"2025-12-28T19:48:54","guid":{"rendered":"https:\/\/remioudinot.ovh\/?page_id=27"},"modified":"2026-03-28T15:38:04","modified_gmt":"2026-03-28T15:38:04","slug":"27-2","status":"publish","type":"page","link":"https:\/\/remioudinot.ovh\/","title":{"rendered":"&#8211;"},"content":{"rendered":"\n<div class=\"wp-block-group alignfull is-layout-flow wp-container-core-group-is-layout-f9cb6abc wp-block-group-is-layout-flow\" style=\"margin-top:0;margin-bottom:0\">\n<div class=\"wp-block-columns alignfull is-not-stacked-on-mobile is-layout-flex wp-container-core-columns-is-layout-e154fb6a wp-block-columns-is-layout-flex\" style=\"margin-top:0;margin-bottom:0;padding-top:var(--wp--preset--spacing--40);padding-right:var(--wp--preset--spacing--40);padding-bottom:var(--wp--preset--spacing--80);padding-left:var(--wp--preset--spacing--40)\">\n<div class=\"wp-block-column is-layout-flow wp-block-column-is-layout-flow\" style=\"flex-basis:66.66%\">\n<div class=\"wp-block-group is-vertical is-content-justification-stretch is-layout-flex wp-container-core-group-is-layout-7e003bba wp-block-group-is-layout-flex\">\n<h2 class=\"wp-block-heading has-xx-large-font-size\">\u00ab&nbsp;Il n&rsquo;est de vent favorable que pour celui qui sait o\u00f9 il va.&nbsp;\u00bb<\/h2>\n\n\n\n<p class=\"has-x-large-font-size\">S\u00e9n\u00e8que<\/p>\n\n\n\n<div style=\"height:0px\" aria-hidden=\"true\" class=\"wp-block-spacer wp-container-content-36c51660\"><\/div>\n<\/div>\n<\/div>\n\n\n\n<div class=\"wp-block-column is-layout-flow wp-block-column-is-layout-flow\" style=\"flex-basis:12vw\"><\/div>\n\n\n\n<div class=\"wp-block-column is-layout-flow wp-block-column-is-layout-flow\">\n<div class=\"wp-block-group is-content-justification-right is-nowrap is-layout-flex wp-container-core-group-is-layout-17124a9a wp-block-group-is-layout-flex\"><\/div>\n<\/div>\n<\/div>\n\n\n\n<div class=\"wp-block-columns alignfull is-style-section-2 is-layout-flex wp-container-core-columns-is-layout-d9884270 wp-block-columns-is-layout-flex is-style-section-2--1\" style=\"padding-top:0;padding-bottom:0\">\n<div class=\"wp-block-column is-layout-flow wp-block-column-is-layout-flow\" style=\"flex-basis:50%\">\n<div class=\"wp-block-group is-vertical is-content-justification-stretch is-layout-flex wp-container-core-group-is-layout-098fff0a wp-block-group-is-layout-flex\" style=\"min-height:33vh;padding-top:var(--wp--preset--spacing--50);padding-right:var(--wp--preset--spacing--50);padding-bottom:var(--wp--preset--spacing--50);padding-left:var(--wp--preset--spacing--50)\">\n<p>Je travaille au croisement du langage, de l&rsquo;image et de la strat\u00e9gie de marque, avec une conviction : le chemin le plus court entre ce qu&rsquo;une entreprise est vraiment et la confiance de ses publics passe par l&rsquo;authenticit\u00e9. Loin d&rsquo;\u00eatre une posture de communication, c&rsquo;est une \u00e9conomie.<\/p>\n\n\n\n<p>Je suis Directeur de la communication institutionnelle d&rsquo;un groupe suisse presque centenaire dont la mission est de contribuer \u00e0 la souverainet\u00e9 des \u00c9tats \u2014 en prot\u00e9geant leurs actifs les plus sensibles, en garantissant l&rsquo;authenticit\u00e9 de leurs billets de banque, en veillant \u00e0 ce que chaque acteur \u00e9conomique joue selon les r\u00e8gles de l&rsquo;\u00e9conomie l\u00e9gitime, au b\u00e9n\u00e9fice r\u00e9el des citoyens. Un m\u00e9tier discret, essentiel.<\/p>\n\n\n\n<hr class=\"wp-block-separator has-alpha-channel-opacity\"\/>\n\n\n\n<p>En dehors du bureau, je vis \u00e0 hauteur d&rsquo;homme et \u00e0 hauteur de nuage. Pilote depuis l&rsquo;adolescence, je suis aujourd&rsquo;hui copropri\u00e9taire d&rsquo;un De Havilland Chipmunk de 1951 \u2014 un appareil d&rsquo;entra\u00eenement de la Royal Air Force, fait de m\u00e9tal et de toile, n\u00e9 dans un ciel o\u00f9 r\u00e9sonnaient encore les \u00e9chos d&rsquo;une guerre mondiale. Voler sur une telle machine, c&rsquo;est autant piloter qu&rsquo;avoir <a href=\"https:\/\/remioudinot.ovh\/index.php\/2026\/03\/28\/alfa-romeo-spider\/\" data-type=\"post\" data-id=\"51\">une conversation avec le temps<\/a>.<\/p>\n\n\n\n<p>J&rsquo;ai longtemps photographi\u00e9 \u2014 les visages, les villes, les instants o\u00f9 une sc\u00e8ne bascule sans pr\u00e9venir. Quelques-un de <a href=\"https:\/\/500px.com\/p\/remio?view=photos\">mes clich\u00e9s<\/a> ont \u00e9t\u00e9 expos\u00e9s. Je continue de regarder le monde comme si j&rsquo;allais appuyer sur le d\u00e9clencheur.<\/p>\n\n\n\n<p>Voyageur curieux, n\u00e9 en Champagne, \u00e9tudiant aux Pays-Bas, d\u00e9sormais citoyen suisse install\u00e9 et heureux \u00e0 Lausanne. L&rsquo;horizon m&rsquo;a toujours sembl\u00e9 \u00eatre la meilleure des boussoles. <\/p>\n\n\n\n<div style=\"height:0px\" aria-hidden=\"true\" class=\"wp-block-spacer wp-container-content-6388d5dc\"><\/div>\n<\/div>\n<\/div>\n\n\n\n<div class=\"wp-block-column is-layout-flow wp-block-column-is-layout-flow\" style=\"flex-basis:50%\">\n<div class=\"wp-block-cover\"><img loading=\"lazy\" decoding=\"async\" width=\"1024\" height=\"768\" class=\"wp-block-cover__image-background wp-image-45 size-large\" alt=\"\" src=\"https:\/\/remioudinot.ovh\/wp-content\/uploads\/2026\/03\/IMG_7510-1024x768.jpeg\" data-object-fit=\"cover\" srcset=\"https:\/\/remioudinot.ovh\/wp-content\/uploads\/2026\/03\/IMG_7510-1024x768.jpeg 1024w, https:\/\/remioudinot.ovh\/wp-content\/uploads\/2026\/03\/IMG_7510-300x225.jpeg 300w, https:\/\/remioudinot.ovh\/wp-content\/uploads\/2026\/03\/IMG_7510-768x576.jpeg 768w, https:\/\/remioudinot.ovh\/wp-content\/uploads\/2026\/03\/IMG_7510-1536x1152.jpeg 1536w, https:\/\/remioudinot.ovh\/wp-content\/uploads\/2026\/03\/IMG_7510-2048x1536.jpeg 2048w\" sizes=\"auto, (max-width: 1024px) 100vw, 1024px\" \/><span aria-hidden=\"true\" class=\"wp-block-cover__background has-background-dim-0 has-background-dim\" style=\"background-color:#4b83a3\"><\/span><div class=\"wp-block-cover__inner-container is-layout-flow wp-block-cover-is-layout-flow\">\n<div style=\"height:var(--wp--preset--spacing--20)\" aria-hidden=\"true\" class=\"wp-block-spacer\"><\/div>\n<\/div><\/div>\n<\/div>\n<\/div>\n<\/div>\n\n\n\n<p class=\"is-style-text-annotation has-background is-style-text-annotation--2\" style=\"background:linear-gradient(135deg,rgb(39,130,183) 0%,rgb(83,88,148) 100%)\">2026<\/p>\n\n\n\n<p><\/p>\n","protected":false},"excerpt":{"rendered":"<p>\u00ab&nbsp;Il n&rsquo;est de vent favorable que pour celui qui sait o\u00f9 il va.&nbsp;\u00bb S\u00e9n\u00e8que Je travaille au croisement du langage, de l&rsquo;image et de la strat\u00e9gie de marque, avec une conviction : le chemin le plus court entre ce qu&rsquo;une entreprise est vraiment et la confiance de ses publics passe par l&rsquo;authenticit\u00e9. Loin d&rsquo;\u00eatre une [&hellip;]<\/p>\n","protected":false},"author":2,"featured_media":0,"parent":0,"menu_order":0,"comment_status":"closed","ping_status":"closed","template":"","meta":{"footnotes":""},"class_list":["post-27","page","type-page","status-publish","hentry"],"_links":{"self":[{"href":"https:\/\/remioudinot.ovh\/index.php\/wp-json\/wp\/v2\/pages\/27","targetHints":{"allow":["GET"]}}],"collection":[{"href":"https:\/\/remioudinot.ovh\/index.php\/wp-json\/wp\/v2\/pages"}],"about":[{"href":"https:\/\/remioudinot.ovh\/index.php\/wp-json\/wp\/v2\/types\/page"}],"author":[{"embeddable":true,"href":"https:\/\/remioudinot.ovh\/index.php\/wp-json\/wp\/v2\/users\/2"}],"replies":[{"embeddable":true,"href":"https:\/\/remioudinot.ovh\/index.php\/wp-json\/wp\/v2\/comments?post=27"}],"version-history":[{"count":17,"href":"https:\/\/remioudinot.ovh\/index.php\/wp-json\/wp\/v2\/pages\/27\/revisions"}],"predecessor-version":[{"id":69,"href":"https:\/\/remioudinot.ovh\/index.php\/wp-json\/wp\/v2\/pages\/27\/revisions\/69"}],"wp:attachment":[{"href":"https:\/\/remioudinot.ovh\/index.php\/wp-json\/wp\/v2\/media?parent=27"}],"curies":[{"name":"wp","href":"https:\/\/api.w.org\/{rel}","templated":true}]}}